{"id":3512,"date":"2025-12-05T19:42:41","date_gmt":"2025-12-05T19:42:41","guid":{"rendered":"https:\/\/dematech.nl\/pan-metallgesellschaft-baumgaertner-gmbh-co-kg-pan\/"},"modified":"2025-12-18T21:10:50","modified_gmt":"2025-12-18T21:10:50","slug":"pan-metallgesellschaft-baumgaertner-gmbh-co-kg-pan","status":"publish","type":"page","link":"https:\/\/dematech.nl\/de\/pan-metallgesellschaft-baumgaertner-gmbh-co-kg-pan\/","title":{"rendered":"PAN-Metallgesellschaft Baumg\u00e4rtner GmbH &amp; Co. KG (PAN\u00ae)"},"content":{"rendered":"<div class=\"fusion-fullwidth fullwidth-box fusion-builder-row-1 fusion-flex-container has-pattern-background has-mask-background nonhundred-percent-fullwidth non-hundred-percent-height-scrolling\" style=\"--awb-border-radius-top-left:0px;--awb-border-radius-top-right:0px;--awb-border-radius-bottom-right:0px;--awb-border-radius-bottom-left:0px;--awb-padding-top:100px;--awb-padding-bottom:100px;--awb-flex-wrap:wrap;\" ><div class=\"fusion-builder-row fusion-row fusion-flex-align-items-flex-start fusion-flex-content-wrap\" style=\"max-width:1248px;margin-left: calc(-4% \/ 2 );margin-right: calc(-4% \/ 2 );\"><div class=\"fusion-layout-column fusion_builder_column fusion-builder-column-0 fusion_builder_column_1_2 1_2 fusion-flex-column fusion-flex-align-self-center\" style=\"--awb-bg-size:cover;--awb-width-large:50%;--awb-spacing-right-large:3.84%;--awb-margin-bottom-large:0px;--awb-spacing-left-large:3.84%;--awb-width-medium:50%;--awb-order-medium:0;--awb-spacing-right-medium:3.84%;--awb-spacing-left-medium:3.84%;--awb-width-small:100%;--awb-order-small:0;--awb-spacing-right-small:1.92%;--awb-margin-bottom-small:60px;--awb-spacing-left-small:1.92%;\"><div class=\"fusion-column-wrapper fusion-column-has-shadow fusion-flex-justify-content-flex-start fusion-content-layout-column\"><div class=\"fusion-image-element \" style=\"--awb-aspect-ratio:1 \/ 1;--awb-object-position:54% 50%;--awb-mask-url: url(https:\/\/dematech.nl\/wp-content\/plugins\/fusion-builder\/\/assets\/images\/masks\/mask-16.svg);--awb-mask-size: 100%;--awb-caption-title-font-family:var(--h2_typography-font-family);--awb-caption-title-font-weight:var(--h2_typography-font-weight);--awb-caption-title-font-style:var(--h2_typography-font-style);--awb-caption-title-size:var(--h2_typography-font-size);--awb-caption-title-transform:var(--h2_typography-text-transform);--awb-caption-title-line-height:var(--h2_typography-line-height);--awb-caption-title-letter-spacing:var(--h2_typography-letter-spacing);\"><span class=\" fusion-imageframe imageframe-none imageframe-1 hover-type-none has-mask has-aspect-ratio\"><img decoding=\"async\" width=\"1000\" height=\"667\" title=\"prod_selbstschmierend\" src=\"https:\/\/dematech.nl\/wp-content\/uploads\/2025\/12\/prod_selbstschmierend.jpg\" data-orig-src=\"https:\/\/dematech.nl\/wp-content\/uploads\/2025\/12\/prod_selbstschmierend.jpg\" class=\"lazyload img-responsive wp-image-3513 img-with-aspect-ratio\" data-parent-fit=\"cover\" data-parent-container=\".fusion-image-element\" alt srcset=\"data:image\/svg+xml,%3Csvg%20xmlns%3D%27http%3A%2F%2Fwww.w3.org%2F2000%2Fsvg%27%20width%3D%271000%27%20height%3D%27667%27%20viewBox%3D%270%200%201000%20667%27%3E%3Crect%20width%3D%271000%27%20height%3D%27667%27%20fill-opacity%3D%220%22%2F%3E%3C%2Fsvg%3E\" data-srcset=\"https:\/\/dematech.nl\/wp-content\/uploads\/2025\/12\/prod_selbstschmierend-200x133.jpg 200w, https:\/\/dematech.nl\/wp-content\/uploads\/2025\/12\/prod_selbstschmierend-400x267.jpg 400w, https:\/\/dematech.nl\/wp-content\/uploads\/2025\/12\/prod_selbstschmierend-600x400.jpg 600w, https:\/\/dematech.nl\/wp-content\/uploads\/2025\/12\/prod_selbstschmierend-800x534.jpg 800w, https:\/\/dematech.nl\/wp-content\/uploads\/2025\/12\/prod_selbstschmierend.jpg 1000w\" data-sizes=\"auto\" data-orig-sizes=\"(max-width: 800px) 100vw, 600px\" \/><\/span><\/div><\/div><\/div><div class=\"fusion-layout-column fusion_builder_column fusion-builder-column-1 fusion_builder_column_1_2 1_2 fusion-flex-column fusion-flex-align-self-center\" style=\"--awb-padding-right:40px;--awb-padding-left:40px;--awb-bg-size:cover;--awb-width-large:50%;--awb-spacing-right-large:3.84%;--awb-margin-bottom-large:0px;--awb-spacing-left-large:3.84%;--awb-width-medium:50%;--awb-order-medium:0;--awb-spacing-right-medium:3.84%;--awb-spacing-left-medium:3.84%;--awb-width-small:100%;--awb-order-small:0;--awb-spacing-right-small:1.92%;--awb-spacing-left-small:1.92%;\"><div class=\"fusion-column-wrapper fusion-column-has-shadow fusion-flex-justify-content-flex-start fusion-content-layout-column\"><div class=\"fusion-title title fusion-title-1 fusion-sep-none fusion-title-text fusion-title-size-three\" style=\"--awb-margin-bottom:30px;--awb-margin-bottom-small:40px;\"><h3 class=\"fusion-title-heading title-heading-left fusion-responsive-typography-calculated\" style=\"margin:0;text-transform:var(--awb-typography1-text-transform);--fontSize:40;line-height:1.4;\">Dematech ist der Vertreter von PAN-Metallgesellschaft Baumg\u00e4rtner GmbH &amp; Co. KG (PAN\u00ae)<\/h3><\/div><div class=\"fusion-text fusion-text-1 fusion-text-no-margin\" style=\"--awb-margin-bottom:50px;\"><p>PAN ist ein Spezialist f\u00fcr Gleitlager, spezielle Bronzen und ma\u00dfgeschneiderte Lagerl\u00f6sungen. Seit den 30er Jahren entwickelt und produziert PAN hochwertige, verschlei\u00dffeste Bronzegleitlager, selbstschmierende Lager und sph\u00e4rische Lager f\u00fcr anspruchsvolle industrielle Anwendungen.<\/p>\n<p>\u00dcber Dematech haben Sie Zugriff auf das komplette PAN-Sortiment, einschlie\u00dflich spezieller PAN\u00ae-Bronzlegierungen, die auf Ihre Anwendung abgestimmt werden. Wir unterst\u00fctzen Sie bei der Materialauswahl, Lagerdimensionierung und Ma\u00dfanfertigung, sodass Sie auf zuverl\u00e4ssige und langlebige Gleitlager z\u00e4hlen k\u00f6nnen, die exakt auf Ihre Maschinenkonstruktion zugeschnitten sind.<\/p>\n<\/div><\/div><\/div><\/div><\/div>\n","protected":false},"excerpt":{"rendered":"","protected":false},"author":1,"featured_media":0,"parent":0,"menu_order":0,"comment_status":"closed","ping_status":"closed","template":"100-width.php","meta":{"_acf_changed":false,"footnotes":""},"class_list":["post-3512","page","type-page","status-publish","hentry"],"acf":[],"_links":{"self":[{"href":"https:\/\/dematech.nl\/de\/wp-json\/wp\/v2\/pages\/3512","targetHints":{"allow":["GET"]}}],"collection":[{"href":"https:\/\/dematech.nl\/de\/wp-json\/wp\/v2\/pages"}],"about":[{"href":"https:\/\/dematech.nl\/de\/wp-json\/wp\/v2\/types\/page"}],"author":[{"embeddable":true,"href":"https:\/\/dematech.nl\/de\/wp-json\/wp\/v2\/users\/1"}],"replies":[{"embeddable":true,"href":"https:\/\/dematech.nl\/de\/wp-json\/wp\/v2\/comments?post=3512"}],"version-history":[{"count":2,"href":"https:\/\/dematech.nl\/de\/wp-json\/wp\/v2\/pages\/3512\/revisions"}],"predecessor-version":[{"id":3533,"href":"https:\/\/dematech.nl\/de\/wp-json\/wp\/v2\/pages\/3512\/revisions\/3533"}],"wp:attachment":[{"href":"https:\/\/dematech.nl\/de\/wp-json\/wp\/v2\/media?parent=3512"}],"curies":[{"name":"wp","href":"https:\/\/api.w.org\/{rel}","templated":true}]}}