{"id":3495,"date":"2025-12-05T19:27:51","date_gmt":"2025-12-05T19:27:51","guid":{"rendered":"https:\/\/dematech.nl\/grw\/"},"modified":"2025-12-18T21:10:50","modified_gmt":"2025-12-18T21:10:50","slug":"grw","status":"publish","type":"page","link":"https:\/\/dematech.nl\/de\/grw\/","title":{"rendered":"GRW"},"content":{"rendered":"<div class=\"fusion-fullwidth fullwidth-box fusion-builder-row-1 fusion-flex-container has-pattern-background has-mask-background nonhundred-percent-fullwidth non-hundred-percent-height-scrolling\" style=\"--awb-border-radius-top-left:0px;--awb-border-radius-top-right:0px;--awb-border-radius-bottom-right:0px;--awb-border-radius-bottom-left:0px;--awb-padding-top:100px;--awb-padding-bottom:100px;--awb-flex-wrap:wrap;\" ><div class=\"fusion-builder-row fusion-row fusion-flex-align-items-flex-start fusion-flex-content-wrap\" style=\"max-width:1248px;margin-left: calc(-4% \/ 2 );margin-right: calc(-4% \/ 2 );\"><div class=\"fusion-layout-column fusion_builder_column fusion-builder-column-0 fusion_builder_column_1_2 1_2 fusion-flex-column fusion-flex-align-self-center\" style=\"--awb-bg-size:cover;--awb-width-large:50%;--awb-spacing-right-large:3.84%;--awb-margin-bottom-large:0px;--awb-spacing-left-large:3.84%;--awb-width-medium:50%;--awb-order-medium:0;--awb-spacing-right-medium:3.84%;--awb-spacing-left-medium:3.84%;--awb-width-small:100%;--awb-order-small:0;--awb-spacing-right-small:1.92%;--awb-margin-bottom-small:60px;--awb-spacing-left-small:1.92%;\"><div class=\"fusion-column-wrapper fusion-column-has-shadow fusion-flex-justify-content-flex-start fusion-content-layout-column\"><div class=\"fusion-image-element \" style=\"--awb-aspect-ratio:1 \/ 1;--awb-object-position:53% 57%;--awb-mask-url: url(https:\/\/dematech.nl\/wp-content\/plugins\/fusion-builder\/\/assets\/images\/masks\/mask-16.svg);--awb-mask-size: 100%;--awb-caption-title-font-family:var(--h2_typography-font-family);--awb-caption-title-font-weight:var(--h2_typography-font-weight);--awb-caption-title-font-style:var(--h2_typography-font-style);--awb-caption-title-size:var(--h2_typography-font-size);--awb-caption-title-transform:var(--h2_typography-text-transform);--awb-caption-title-line-height:var(--h2_typography-line-height);--awb-caption-title-letter-spacing:var(--h2_typography-letter-spacing);\"><span class=\" fusion-imageframe imageframe-none imageframe-1 hover-type-none has-mask has-aspect-ratio\"><img decoding=\"async\" width=\"1000\" height=\"1000\" title=\"Historie_Kugellager\" src=\"https:\/\/dematech.nl\/wp-content\/uploads\/2025\/12\/Historie_Kugellager.jpg\" data-orig-src=\"https:\/\/dematech.nl\/wp-content\/uploads\/2025\/12\/Historie_Kugellager.jpg\" class=\"lazyload img-responsive wp-image-3497 img-with-aspect-ratio\" data-parent-fit=\"cover\" data-parent-container=\".fusion-image-element\" alt srcset=\"data:image\/svg+xml,%3Csvg%20xmlns%3D%27http%3A%2F%2Fwww.w3.org%2F2000%2Fsvg%27%20width%3D%271000%27%20height%3D%271000%27%20viewBox%3D%270%200%201000%201000%27%3E%3Crect%20width%3D%271000%27%20height%3D%271000%27%20fill-opacity%3D%220%22%2F%3E%3C%2Fsvg%3E\" data-srcset=\"https:\/\/dematech.nl\/wp-content\/uploads\/2025\/12\/Historie_Kugellager-200x200.jpg 200w, https:\/\/dematech.nl\/wp-content\/uploads\/2025\/12\/Historie_Kugellager-400x400.jpg 400w, https:\/\/dematech.nl\/wp-content\/uploads\/2025\/12\/Historie_Kugellager-600x600.jpg 600w, https:\/\/dematech.nl\/wp-content\/uploads\/2025\/12\/Historie_Kugellager-800x800.jpg 800w, https:\/\/dematech.nl\/wp-content\/uploads\/2025\/12\/Historie_Kugellager.jpg 1000w\" data-sizes=\"auto\" data-orig-sizes=\"(max-width: 800px) 100vw, 600px\" \/><\/span><\/div><\/div><\/div><div class=\"fusion-layout-column fusion_builder_column fusion-builder-column-1 fusion_builder_column_1_2 1_2 fusion-flex-column fusion-flex-align-self-center\" style=\"--awb-padding-right:40px;--awb-padding-left:40px;--awb-bg-size:cover;--awb-width-large:50%;--awb-spacing-right-large:3.84%;--awb-margin-bottom-large:0px;--awb-spacing-left-large:3.84%;--awb-width-medium:50%;--awb-order-medium:0;--awb-spacing-right-medium:3.84%;--awb-spacing-left-medium:3.84%;--awb-width-small:100%;--awb-order-small:0;--awb-spacing-right-small:1.92%;--awb-spacing-left-small:1.92%;\"><div class=\"fusion-column-wrapper fusion-column-has-shadow fusion-flex-justify-content-flex-start fusion-content-layout-column\"><div class=\"fusion-title title fusion-title-1 fusion-sep-none fusion-title-text fusion-title-size-three\" style=\"--awb-margin-bottom:30px;--awb-margin-bottom-small:40px;\"><h3 class=\"fusion-title-heading title-heading-left fusion-responsive-typography-calculated\" style=\"margin:0;text-transform:var(--awb-typography1-text-transform);--fontSize:40;line-height:1.4;\">Dematech ist Wiederverk\u00e4ufer der deutschen Marke Kaman GRW<\/h3><\/div><div class=\"fusion-text fusion-text-1 fusion-text-no-margin\" style=\"--awb-margin-bottom:50px;\"><p>GRW ist ein weltweit f\u00fchrender Entwickler und Hersteller von hochpr\u00e4zisen Kugellagern f\u00fcr anspruchsvolle Anwendungen unter anderem in medizinischen und dentalen Ger\u00e4ten, industriellen Anwendungen sowie der Luft- und Raumfahrt.<\/p>\n<p>GRW entwickelt und produziert hochpr\u00e4zise Kugellager, Lagereinheiten und kundenspezifische Sonderanfertigungen, wobei Genauigkeit, Zuverl\u00e4ssigkeit und lange Lebensdauer im Mittelpunkt stehen.<\/p>\n<p><span style=\"background-color: rgba(0, 0, 0, 0);\">Dank unserer direkten Zusammenarbeit mit GRW k\u00f6nnen wir Kunden bereits in der Entwurfsphase bei der Auswahl des optimalen Lagers unterst\u00fctzen, Engineering-Beratung bieten und f\u00fcr kurze Durchlaufzeiten vom Prototyp bis zur Serienproduktion sorgen. So kombinieren Sie die Lagerexpertise von GRW mit der Projektbegleitung und Praxiserfahrung von Dematech. <\/span><\/p>\n<\/div><\/div><\/div><\/div><\/div>\n","protected":false},"excerpt":{"rendered":"","protected":false},"author":1,"featured_media":0,"parent":0,"menu_order":0,"comment_status":"closed","ping_status":"closed","template":"100-width.php","meta":{"_acf_changed":false,"footnotes":""},"class_list":["post-3495","page","type-page","status-publish","hentry"],"acf":[],"_links":{"self":[{"href":"https:\/\/dematech.nl\/de\/wp-json\/wp\/v2\/pages\/3495","targetHints":{"allow":["GET"]}}],"collection":[{"href":"https:\/\/dematech.nl\/de\/wp-json\/wp\/v2\/pages"}],"about":[{"href":"https:\/\/dematech.nl\/de\/wp-json\/wp\/v2\/types\/page"}],"author":[{"embeddable":true,"href":"https:\/\/dematech.nl\/de\/wp-json\/wp\/v2\/users\/1"}],"replies":[{"embeddable":true,"href":"https:\/\/dematech.nl\/de\/wp-json\/wp\/v2\/comments?post=3495"}],"version-history":[{"count":2,"href":"https:\/\/dematech.nl\/de\/wp-json\/wp\/v2\/pages\/3495\/revisions"}],"predecessor-version":[{"id":3531,"href":"https:\/\/dematech.nl\/de\/wp-json\/wp\/v2\/pages\/3495\/revisions\/3531"}],"wp:attachment":[{"href":"https:\/\/dematech.nl\/de\/wp-json\/wp\/v2\/media?parent=3495"}],"curies":[{"name":"wp","href":"https:\/\/api.w.org\/{rel}","templated":true}]}}